{"id":1527,"date":"2021-12-23T08:37:34","date_gmt":"2021-12-23T08:37:34","guid":{"rendered":"https:\/\/www.semjoncontemporary.com\/2022\/?page_id=1527"},"modified":"2021-12-28T16:56:36","modified_gmt":"2021-12-28T16:56:36","slug":"impressum","status":"publish","type":"page","link":"https:\/\/www.semjoncontemporary.com\/2022\/impressum\/","title":{"rendered":"Impressum"},"content":{"rendered":"<p>[et_pb_section fb_built=&#8220;1&#8243; admin_label=&#8220;section&#8220; _builder_version=&#8220;3.22&#8243; global_colors_info=&#8220;{}&#8220;][et_pb_row admin_label=&#8220;row&#8220; _builder_version=&#8220;3.25&#8243; background_size=&#8220;initial&#8220; background_position=&#8220;top_left&#8220; background_repeat=&#8220;repeat&#8220; global_colors_info=&#8220;{}&#8220;][et_pb_column type=&#8220;4_4&#8243; _builder_version=&#8220;3.25&#8243; custom_padding=&#8220;|||&#8220; global_colors_info=&#8220;{}&#8220; custom_padding__hover=&#8220;|||&#8220;][et_pb_text _builder_version=&#8220;4.14.4&#8243; _module_preset=&#8220;default&#8220; hover_enabled=&#8220;0&#8243; global_colors_info=&#8220;{}&#8220; sticky_enabled=&#8220;0&#8243;]<\/p>\n<p>Semjon Contemporary \u2013<br \/>Galerie f\u00fcr zeitgen\u00f6ssische Kunst<br \/>Inhaber:\u00a0Semjon Semjon<br \/>Schr\u00f6derstr. 1;\u00a010115 Berlin<\/p>\n<p>Tel. +49 -30- 784 12 91<br \/><a>office(at)semjoncontemporary.com<\/a><\/p>\n<p>Rechtsform:\u00a0Einpersonengesellschaft<br \/>USt-Id-Nr.:\u00a0DE 200420938<\/p>\n<p>&nbsp;<\/p>\n<p><strong>Haftungsbeschr\u00e4nkung<\/strong><\/p>\n<p>Inhalte dieser Website<br \/>Diese Website wurde mit gr\u00f6\u00dftm\u00f6glicher Sorgfalt produziert. F\u00fcr die Vollst\u00e4ndigkeit und Aktualit\u00e4t der bereitgestellten Inhalte \u00fcbernimmt die Anbieterin keine Gew\u00e4hr. Irrt\u00fcmer und \u00c4nderungen bleiben vorbehalten.<\/p>\n<p>Nutzung der Website<br \/>Die Nutzung der Website erfolgt in eigener Verantwortung des Nutzers und stellt keinerlei Vertragsverh\u00e4ltnis zwischen dem Nutzer und der Anbieterin dar.<\/p>\n<p>Urheberrecht<br \/>Alle Inhalte und Strukturen dieser Website sind urheberrechtlich gesch\u00fctzt. Die Tatsache der Ver\u00f6ffentlichung online oder offline stellt keine Einverst\u00e4ndniserkl\u00e4rung f\u00fcr eine anderweitige Nutzung durch Dritte dar. Jede anderweitige Nutzung durch Dritte, auch in Teilen, bedarf ausdr\u00fccklich der vorherigen schriftlichen Zustimmung durch die Anbieterin.<\/p>\n<p>Externe Links<br \/>Die Anbieterin ist f\u00fcr die eigenen Inhalte der Website verantwortlich. Davon zu unterscheiden sind Inhalte anderer Anbieter, die \u00fcber direkte oder indirekte Verweise (Links) zu den jeweiligen externen Seiten erreichbar sind. Bei direkten oder indirekten Verweisen auf fremde Webseiten, die au\u00dferhalb des Verantwortungsbereiches der Anbieterin liegen, w\u00fcrde eine Haftungsverpflichtung ausschlie\u00dflich in dem Fall in Kraft treten, in dem die Anbieterin von den Inhalten Kenntnis hat und es ihr technisch m\u00f6glich und zumutbar w\u00e4re, die Nutzung im Falle rechtswidriger Inhalte zu verhindern. Die Anbieterin erkl\u00e4rt hiermit ausdr\u00fccklich, dass zum Zeitpunkt der Linksetzung keine illegalen Inhalte auf den verlinkten Seiten erkennbar waren. Auf die aktuelle und zuk\u00fcnftige Gestaltung, die Inhalte oder die Urheberschaft der verlinkten Seiten hat die Anbieterin keinerlei Einfluss. Deshalb distanziert sie sich hiermit ausdr\u00fccklich von allen Inhalten aller verlinkten \/verkn\u00fcpften Seiten, die nach der Linksetzung ver\u00e4ndert wurden. Eine st\u00e4ndige Kontrolle der externen Links ist f\u00fcr die Anbieterin ohne konkrete Hinweise auf Rechtsverst\u00f6\u00dfe nicht zumutbar. Bei Kenntnis von Rechtsverst\u00f6\u00dfen wird die Anbieterin sich bem\u00fchen, die betreffenden Links umgehend aus der Website zu entfernen. F\u00fcr illegale, fehlerhafte oder unvollst\u00e4ndige Inhalte und insbesondere f\u00fcr Sch\u00e4den, die aus der Nutzung oder Nichtnutzung solcherart dargebotener Informationen entstehen, haftet allein der Anbieter der Seite, auf die verwiesen wurde, nicht derjenige, der \u00fcber Links auf die jeweilige Ver\u00f6ffentlichung lediglich verweist.<\/p>\n<p>Verf\u00fcgbarkeit der Website<br \/>Die Anbieterin ist bestrebt, die Website m\u00f6glichst unterbrechungsfrei zum Abruf anzubieten. Trotz aller Sorgfalt k\u00f6nnen Ausfallzeiten durch Unterbrechungen oder anderweitige St\u00f6rungen nicht ausgeschlossen werden. Die Anbieterin \u00fcbernimmt f\u00fcr Ausf\u00e4lle oder andere St\u00f6rungen des Angebots keine Haftung und beh\u00e4lt sich das Recht vor, die Website jederzeit zu \u00e4ndern oder ganz einzustellen.<\/p>\n<p>[\/et_pb_text][\/et_pb_column][\/et_pb_row][\/et_pb_section]<\/p>\n","protected":false},"excerpt":{"rendered":"<p>Semjon Contemporary \u2013Galerie f\u00fcr zeitgen\u00f6ssische KunstInhaber:\u00a0Semjon SemjonSchr\u00f6derstr. 1;\u00a010115 Berlin Tel. +49 -30- 784 12 91office(at)semjoncontemporary.com Rechtsform:\u00a0EinpersonengesellschaftUSt-Id-Nr.:\u00a0DE 200420938 &nbsp; Haftungsbeschr\u00e4nkung Inhalte dieser WebsiteDiese Website wurde mit gr\u00f6\u00dftm\u00f6glicher Sorgfalt produziert. F\u00fcr die Vollst\u00e4ndigkeit und Aktualit\u00e4t der bereitgestellten Inhalte \u00fcbernimmt die Anbieterin keine Gew\u00e4hr. Irrt\u00fcmer und \u00c4nderungen bleiben vorbehalten. Nutzung der WebsiteDie Nutzung der Website erfolgt in eigener [&hellip;]<\/p>\n","protected":false},"author":1,"featured_media":0,"parent":0,"menu_order":6,"comment_status":"closed","ping_status":"closed","template":"","meta":{"_acf_changed":false,"_et_pb_use_builder":"on","_et_pb_old_content":"","_et_gb_content_width":"","footnotes":""},"class_list":["post-1527","page","type-page","status-publish","hentry"],"acf":[],"yoast_head":"<!-- This site is optimized with the Yoast SEO plugin v27.3 - https:\/\/yoast.com\/product\/yoast-seo-wordpress\/ -->\n<title>Impressum - Semjon Contemporary<\/title>\n<meta name=\"robots\" content=\"index, follow, max-snippet:-1, max-image-preview:large, max-video-preview:-1\" \/>\n<link rel=\"canonical\" href=\"https:\/\/www.semjoncontemporary.com\/2022\/impressum\/\" \/>\n<meta property=\"og:locale\" content=\"de_DE\" \/>\n<meta property=\"og:type\" content=\"article\" \/>\n<meta property=\"og:title\" content=\"Impressum - Semjon Contemporary\" \/>\n<meta property=\"og:description\" content=\"Semjon Contemporary \u2013Galerie f\u00fcr zeitgen\u00f6ssische KunstInhaber:\u00a0Semjon SemjonSchr\u00f6derstr. 1;\u00a010115 Berlin Tel. +49 -30- 784 12 91office(at)semjoncontemporary.com Rechtsform:\u00a0EinpersonengesellschaftUSt-Id-Nr.:\u00a0DE 200420938 &nbsp; Haftungsbeschr\u00e4nkung Inhalte dieser WebsiteDiese Website wurde mit gr\u00f6\u00dftm\u00f6glicher Sorgfalt produziert. F\u00fcr die Vollst\u00e4ndigkeit und Aktualit\u00e4t der bereitgestellten Inhalte \u00fcbernimmt die Anbieterin keine Gew\u00e4hr. Irrt\u00fcmer und \u00c4nderungen bleiben vorbehalten. Nutzung der WebsiteDie Nutzung der Website erfolgt in eigener [&hellip;]\" \/>\n<meta property=\"og:url\" content=\"https:\/\/www.semjoncontemporary.com\/2022\/impressum\/\" \/>\n<meta property=\"og:site_name\" content=\"Semjon Contemporary\" \/>\n<meta property=\"article:publisher\" content=\"https:\/\/www.facebook.com\/semjon\/\" \/>\n<meta property=\"article:modified_time\" content=\"2021-12-28T16:56:36+00:00\" \/>\n<meta name=\"twitter:card\" content=\"summary_large_image\" \/>\n<meta name=\"twitter:label1\" content=\"Gesch\u00e4tzte Lesezeit\" \/>\n\t<meta name=\"twitter:data1\" content=\"3\u00a0Minuten\" \/>\n<script type=\"application\/ld+json\" class=\"yoast-schema-graph\">{\"@context\":\"https:\\\/\\\/schema.org\",\"@graph\":[{\"@type\":\"WebPage\",\"@id\":\"https:\\\/\\\/www.semjoncontemporary.com\\\/2022\\\/en\\\/impressum\\\/\",\"url\":\"https:\\\/\\\/www.semjoncontemporary.com\\\/2022\\\/en\\\/impressum\\\/\",\"name\":\"Impressum - Semjon Contemporary\",\"isPartOf\":{\"@id\":\"https:\\\/\\\/www.semjoncontemporary.com\\\/2022\\\/#website\"},\"datePublished\":\"2021-12-23T08:37:34+00:00\",\"dateModified\":\"2021-12-28T16:56:36+00:00\",\"breadcrumb\":{\"@id\":\"https:\\\/\\\/www.semjoncontemporary.com\\\/2022\\\/en\\\/impressum\\\/#breadcrumb\"},\"inLanguage\":\"de\",\"potentialAction\":[{\"@type\":\"ReadAction\",\"target\":[\"https:\\\/\\\/www.semjoncontemporary.com\\\/2022\\\/en\\\/impressum\\\/\"]}]},{\"@type\":\"BreadcrumbList\",\"@id\":\"https:\\\/\\\/www.semjoncontemporary.com\\\/2022\\\/en\\\/impressum\\\/#breadcrumb\",\"itemListElement\":[{\"@type\":\"ListItem\",\"position\":1,\"name\":\"Startseite\",\"item\":\"https:\\\/\\\/www.semjoncontemporary.com\\\/2022\\\/\"},{\"@type\":\"ListItem\",\"position\":2,\"name\":\"Impressum\"}]},{\"@type\":\"WebSite\",\"@id\":\"https:\\\/\\\/www.semjoncontemporary.com\\\/2022\\\/#website\",\"url\":\"https:\\\/\\\/www.semjoncontemporary.com\\\/2022\\\/\",\"name\":\"Semjon Contemporary\",\"description\":\"Galerie f\u00fcr zeitgen\u00f6ssische Kunst\",\"publisher\":{\"@id\":\"https:\\\/\\\/www.semjoncontemporary.com\\\/2022\\\/#organization\"},\"potentialAction\":[{\"@type\":\"SearchAction\",\"target\":{\"@type\":\"EntryPoint\",\"urlTemplate\":\"https:\\\/\\\/www.semjoncontemporary.com\\\/2022\\\/?s={search_term_string}\"},\"query-input\":{\"@type\":\"PropertyValueSpecification\",\"valueRequired\":true,\"valueName\":\"search_term_string\"}}],\"inLanguage\":\"de\"},{\"@type\":\"Organization\",\"@id\":\"https:\\\/\\\/www.semjoncontemporary.com\\\/2022\\\/#organization\",\"name\":\"Semjon Contemporary\",\"url\":\"https:\\\/\\\/www.semjoncontemporary.com\\\/2022\\\/\",\"logo\":{\"@type\":\"ImageObject\",\"inLanguage\":\"de\",\"@id\":\"https:\\\/\\\/www.semjoncontemporary.com\\\/2022\\\/#\\\/schema\\\/logo\\\/image\\\/\",\"url\":\"https:\\\/\\\/www.semjoncontemporary.com\\\/2022\\\/wp-content\\\/uploads\\\/2021\\\/11\\\/SC-logo.png\",\"contentUrl\":\"https:\\\/\\\/www.semjoncontemporary.com\\\/2022\\\/wp-content\\\/uploads\\\/2021\\\/11\\\/SC-logo.png\",\"width\":2221,\"height\":512,\"caption\":\"Semjon Contemporary\"},\"image\":{\"@id\":\"https:\\\/\\\/www.semjoncontemporary.com\\\/2022\\\/#\\\/schema\\\/logo\\\/image\\\/\"},\"sameAs\":[\"https:\\\/\\\/www.facebook.com\\\/semjon\\\/\",\"https:\\\/\\\/www.instagram.com\\\/semjoncontemporary\"]}]}<\/script>\n<!-- \/ Yoast SEO plugin. -->","yoast_head_json":{"title":"Impressum - Semjon Contemporary","robots":{"index":"index","follow":"follow","max-snippet":"max-snippet:-1","max-image-preview":"max-image-preview:large","max-video-preview":"max-video-preview:-1"},"canonical":"https:\/\/www.semjoncontemporary.com\/2022\/impressum\/","og_locale":"de_DE","og_type":"article","og_title":"Impressum - Semjon Contemporary","og_description":"Semjon Contemporary \u2013Galerie f\u00fcr zeitgen\u00f6ssische KunstInhaber:\u00a0Semjon SemjonSchr\u00f6derstr. 1;\u00a010115 Berlin Tel. +49 -30- 784 12 91office(at)semjoncontemporary.com Rechtsform:\u00a0EinpersonengesellschaftUSt-Id-Nr.:\u00a0DE 200420938 &nbsp; Haftungsbeschr\u00e4nkung Inhalte dieser WebsiteDiese Website wurde mit gr\u00f6\u00dftm\u00f6glicher Sorgfalt produziert. F\u00fcr die Vollst\u00e4ndigkeit und Aktualit\u00e4t der bereitgestellten Inhalte \u00fcbernimmt die Anbieterin keine Gew\u00e4hr. Irrt\u00fcmer und \u00c4nderungen bleiben vorbehalten. Nutzung der WebsiteDie Nutzung der Website erfolgt in eigener [&hellip;]","og_url":"https:\/\/www.semjoncontemporary.com\/2022\/impressum\/","og_site_name":"Semjon Contemporary","article_publisher":"https:\/\/www.facebook.com\/semjon\/","article_modified_time":"2021-12-28T16:56:36+00:00","twitter_card":"summary_large_image","twitter_misc":{"Gesch\u00e4tzte Lesezeit":"3\u00a0Minuten"},"schema":{"@context":"https:\/\/schema.org","@graph":[{"@type":"WebPage","@id":"https:\/\/www.semjoncontemporary.com\/2022\/en\/impressum\/","url":"https:\/\/www.semjoncontemporary.com\/2022\/en\/impressum\/","name":"Impressum - Semjon Contemporary","isPartOf":{"@id":"https:\/\/www.semjoncontemporary.com\/2022\/#website"},"datePublished":"2021-12-23T08:37:34+00:00","dateModified":"2021-12-28T16:56:36+00:00","breadcrumb":{"@id":"https:\/\/www.semjoncontemporary.com\/2022\/en\/impressum\/#breadcrumb"},"inLanguage":"de","potentialAction":[{"@type":"ReadAction","target":["https:\/\/www.semjoncontemporary.com\/2022\/en\/impressum\/"]}]},{"@type":"BreadcrumbList","@id":"https:\/\/www.semjoncontemporary.com\/2022\/en\/impressum\/#breadcrumb","itemListElement":[{"@type":"ListItem","position":1,"name":"Startseite","item":"https:\/\/www.semjoncontemporary.com\/2022\/"},{"@type":"ListItem","position":2,"name":"Impressum"}]},{"@type":"WebSite","@id":"https:\/\/www.semjoncontemporary.com\/2022\/#website","url":"https:\/\/www.semjoncontemporary.com\/2022\/","name":"Semjon Contemporary","description":"Galerie f\u00fcr zeitgen\u00f6ssische Kunst","publisher":{"@id":"https:\/\/www.semjoncontemporary.com\/2022\/#organization"},"potentialAction":[{"@type":"SearchAction","target":{"@type":"EntryPoint","urlTemplate":"https:\/\/www.semjoncontemporary.com\/2022\/?s={search_term_string}"},"query-input":{"@type":"PropertyValueSpecification","valueRequired":true,"valueName":"search_term_string"}}],"inLanguage":"de"},{"@type":"Organization","@id":"https:\/\/www.semjoncontemporary.com\/2022\/#organization","name":"Semjon Contemporary","url":"https:\/\/www.semjoncontemporary.com\/2022\/","logo":{"@type":"ImageObject","inLanguage":"de","@id":"https:\/\/www.semjoncontemporary.com\/2022\/#\/schema\/logo\/image\/","url":"https:\/\/www.semjoncontemporary.com\/2022\/wp-content\/uploads\/2021\/11\/SC-logo.png","contentUrl":"https:\/\/www.semjoncontemporary.com\/2022\/wp-content\/uploads\/2021\/11\/SC-logo.png","width":2221,"height":512,"caption":"Semjon Contemporary"},"image":{"@id":"https:\/\/www.semjoncontemporary.com\/2022\/#\/schema\/logo\/image\/"},"sameAs":["https:\/\/www.facebook.com\/semjon\/","https:\/\/www.instagram.com\/semjoncontemporary"]}]}},"_links":{"self":[{"href":"https:\/\/www.semjoncontemporary.com\/2022\/wp-json\/wp\/v2\/pages\/1527","targetHints":{"allow":["GET"]}}],"collection":[{"href":"https:\/\/www.semjoncontemporary.com\/2022\/wp-json\/wp\/v2\/pages"}],"about":[{"href":"https:\/\/www.semjoncontemporary.com\/2022\/wp-json\/wp\/v2\/types\/page"}],"author":[{"embeddable":true,"href":"https:\/\/www.semjoncontemporary.com\/2022\/wp-json\/wp\/v2\/users\/1"}],"replies":[{"embeddable":true,"href":"https:\/\/www.semjoncontemporary.com\/2022\/wp-json\/wp\/v2\/comments?post=1527"}],"version-history":[{"count":3,"href":"https:\/\/www.semjoncontemporary.com\/2022\/wp-json\/wp\/v2\/pages\/1527\/revisions"}],"predecessor-version":[{"id":1884,"href":"https:\/\/www.semjoncontemporary.com\/2022\/wp-json\/wp\/v2\/pages\/1527\/revisions\/1884"}],"wp:attachment":[{"href":"https:\/\/www.semjoncontemporary.com\/2022\/wp-json\/wp\/v2\/media?parent=1527"}],"curies":[{"name":"wp","href":"https:\/\/api.w.org\/{rel}","templated":true}]}}