{"id":1521,"date":"2021-12-23T08:36:36","date_gmt":"2021-12-23T08:36:36","guid":{"rendered":"https:\/\/www.semjoncontemporary.com\/2022\/?page_id=1521"},"modified":"2024-01-30T20:29:03","modified_gmt":"2024-01-30T20:29:03","slug":"about","status":"publish","type":"page","link":"https:\/\/www.semjoncontemporary.com\/2022\/about\/","title":{"rendered":"About"},"content":{"rendered":"<p>[et_pb_section fb_built=&#8220;1&#8243; admin_label=&#8220;section&#8220; _builder_version=&#8220;4.16&#8243; global_colors_info=&#8220;{}&#8220;][et_pb_row admin_label=&#8220;row&#8220; _builder_version=&#8220;4.16&#8243; background_size=&#8220;initial&#8220; background_position=&#8220;top_left&#8220; background_repeat=&#8220;repeat&#8220; global_colors_info=&#8220;{}&#8220;][et_pb_column type=&#8220;4_4&#8243; _builder_version=&#8220;4.16&#8243; custom_padding=&#8220;|||&#8220; global_colors_info=&#8220;{}&#8220; custom_padding__hover=&#8220;|||&#8220;][et_pb_text _builder_version=&#8220;4.24.0&#8243; _module_preset=&#8220;default&#8220; hover_enabled=&#8220;0&#8243; global_colors_info=&#8220;{}&#8220; sticky_enabled=&#8220;0&#8243;]<\/p>\n<p>Semjon Contemporary<br \/>Galerie f\u00fcr zeitgen\u00f6ssische Kunst<\/p>\n<p>Schr\u00f6derstr. 1<br \/>10115 Berlin<\/p>\n<div>Tel.: \u00a0+49-30-784 12 91<\/div>\n<div>Fax: \u00a0+49-30-28 09 41 99<\/div>\n<p><a>office(at)semjoncontemporary.com<br \/><\/a><\/p>\n<p>\u00d6ffnungszeiten<br \/>Dienstag \u2013 Samstag<br \/>13.00 \u2013 19.00 Uhr<\/p>\n<p>Die Berliner Galerie Semjon Contemporary, gegr\u00fcndet von Semjon H. N. Semjon im Jahr 2011, repr\u00e4sentiert deutsche und internationale K\u00fcnstler und K\u00fcnstlerinnen, die in verschiedenen Medien wie Malerei, Skulptur, Installation, Zeichnung, Fotografie, Video und Performance arbeiten. Das zeitgen\u00f6ssische Programm wird zumeist in Einzelausstellungen gezeigt, die zumeist von Kabinett-Ausstellungen in den anderen R\u00e4umen erg\u00e4nzt werden, in denen Werke aller Galeriek\u00fcnstler und einiger Gastk\u00fcnstler in dialogischen Inszenierungen miteinander verkn\u00fcpft werden.<\/p>\n<p>Neben dem Hauptfokus, die Galeriek\u00fcnstlerInnen zu repr\u00e4sentieren, ist die Galerie auch in Ausstellungsprojekten engagiert, wie z.B. der in 2020 begonnene Zyklus \u00bbcollAGE\u00ab oder die Zeichnungsausstellungs-Serie im Jahr 2014 \u00bbLieber K\u00fcnstler, zeichne mir!\u00ab (Teil 1,\u00a0Teil 2), die das Thema der Abstraktion und Figuration in der Zeichnung untersuchte (zusammen rund 120 K\u00fcnstlerInnen, begleitet von zwei umfassenden Katalogen). 2017 erfolgte \u00bbPenetrating Paper\u00ab mit rund 30 K\u00fcnstlerInnen<em>.<\/em><\/p>\n<p>Ein weiteres wichtiges Projekt, das die Galerie realisiert hat, ist die retrospektive Ausstellung zum Lebenswerk von Ursula Sax, die jeweils 2015 und 2021 in den Galerier\u00e4umen stattfand, sowie die retrospektive Ausstellung \u00bbFotografie!\u00ab zu den Fotografien und Fotogrammen von Gerda Sch\u00fctte im Herbst 2017. \u00a0Diese Ausstellungen sind mit jeweils einem umfangreichen Katalog (\u00bbUrsula Sax \u2013\u00a0Modell &amp; Wirklichkeit\u00ab, \u00bbUrsula Sax \u2013 aus und auf Papier\u00ab) und einem ebenso gewichtigen Fotobuch (\u00bbGerda Sch\u00fctte \u2013 Fotografie\u00ab, erschienen im Kehrer Verlag). Die Kataloge sind in der Galerie und im Buchhandel erh\u00e4ltlich.<\/p>\n<p>Zur Projektarbeit geh\u00f6rt auch die Visionierung, Initiierung und k\u00fcnstlerisch beratende Begleitung zur Wiederauferstehung des \u00bb<a href=\"https:\/\/www.semjoncontemporary.com\/2022\/kunst\/geometrisches-ballett\/\">Geometrischen Balletts<\/a>\u00a0<em>(Hommage \u00e0 Oskar Schlemmer)\u00ab<\/em>\u00a0von Ursula Sax, das 2019 im Radialsystem Berlin, Festpielhaus Hellerau und zahlreichen St\u00e4dten ein gro\u00dfes Publikum begeisterte. Ein gelungener Auftakt f\u00fcr die internationale Rezeption des performativen und partizipatorischen Werkes von Ursula Sax. Weitere internationale Stationen sind avisiert. Auch das 2015er Projekt \u00bbLand Art Schlosspark Wagenitz\u00ab von Takayuki Daikoku geh\u00f6rt dazu.<br \/>Dar\u00fcberhinaus sind Projekte wie \u00bb<a href=\"https:\/\/www.semjoncontemporary.com\/2022\/kunst\/cast-whale-project\/\">The Cast Whale Project at St. Elisabeth<\/a>\u00ab von Gil Shachar in 2021 in Berlin-Mitte und die Installationsskulptur \u00bb<a href=\"https:\/\/www.semjoncontemporary.com\/2022\/kunst\/projekt\/\">Bibliothek\/Library<\/a>\u00ab von Li Silberberg, ebenfalls 2021 in der Philologischen Bibliothek der FU Berlin gemeinsam mit den K\u00fcnstlern realisiert und erm\u00f6glicht worden. Der Wal strandet weiterhin an anderen Orten und \u00bbBibliothek\/Library\u00ab ist nach wie vor zu sehen.<\/p>\n<p>Um die Rezeption seiner Galeriek\u00fcnstlerInnen zu f\u00f6rdern und auszubauen, beteiligt sich die Galerie seit 2011 an lokalen und internationalen Kunstmessen wie die\u00a0Positions Berlin,\u00a0die Paper Positions, die Fotofever Paris,\u00a0Art Bodensee\u00a0,\u00a0Solo Project\u00a0(Basel),\u00a0Art Rotterdam,\u00a0Volta NY\u00a02017, sowie zu Beginn der Galeriet\u00e4tigkeit die\u00a0Preview Berlin.<\/p>\n<p>Als eine zus\u00e4tzliche Herausforderung begreift der Galerist Exkursionen in andere Genres, wie die zur\u00fcckliegende Ausstellung \u00bbRaku\u00ab 2016\/2017 von Cornelia Nagel, einer Meisterin der Raku-Keramik, oder die erotisch aufgeladene Ausstellung \u00bb<a href=\"https:\/\/www.semjoncontemporary.com\/2022\/ausstellungen\/2022-innocence\/\">Innocence<\/a>\u00ab von Andreas Fux im Sommer 2022.<\/p>\n<p>Semjon H. N. Semjon (b\u00fcrgerlicher Name Semjon Semjon), geboren 1962 in Wiesbaden, studierte Kunstgeschichte und Klassische Arch\u00e4ologie sowie sp\u00e4ter Bildende Kunst bei Georg Baselitz. Seine eigene langj\u00e4hrige\u00a0<a href=\"https:\/\/www.kioskshopberlin.de\/\">k\u00fcnstlerische Praxis<\/a>\u00a0erfuhr seit der Galeriegr\u00fcndung bis zum Fr\u00fchjahr 2022 ein Sabbatical.<\/p>\n<p>&nbsp;<\/p>\n<p><strong>F\u00f6rderung der Homepage<\/strong><br \/>Die neue Homepage ist zum gro\u00dfen Teil durch das Corona-Hilfsprogramm NEUSTART KULTUR des Bundes f\u00fcr Galerien gef\u00f6rdert worden. Der Dank gilt dem Bund f\u00fcr seine gro\u00dfz\u00fcgige F\u00f6rderung und der Bundesstiftung Kunstfonds f\u00fcr die organisatorische Durchf\u00fchrung des Hilfsprogramms.<\/p>\n<p>&nbsp;<\/p>\n<p><img loading=\"lazy\" decoding=\"async\" class=\"wp-image-3842 aligncenter size-full\" src=\"https:\/\/www.semjoncontemporary.com\/2022\/wp-content\/uploads\/2022\/05\/SKFNSK-scaled.jpg\" alt=\"\" width=\"2560\" height=\"670\" srcset=\"https:\/\/www.semjoncontemporary.com\/2022\/wp-content\/uploads\/2022\/05\/SKFNSK-scaled.jpg 2560w, https:\/\/www.semjoncontemporary.com\/2022\/wp-content\/uploads\/2022\/05\/SKFNSK-1280x335.jpg 1280w, https:\/\/www.semjoncontemporary.com\/2022\/wp-content\/uploads\/2022\/05\/SKFNSK-980x256.jpg 980w, https:\/\/www.semjoncontemporary.com\/2022\/wp-content\/uploads\/2022\/05\/SKFNSK-480x126.jpg 480w\" sizes=\"(min-width: 0px) and (max-width: 480px) 480px, (min-width: 481px) and (max-width: 980px) 980px, (min-width: 981px) and (max-width: 1280px) 1280px, (min-width: 1281px) 2560px, 100vw\" \/><\/p>\n<p>&nbsp;<\/p>\n<p>[\/et_pb_text][\/et_pb_column][\/et_pb_row][\/et_pb_section]<\/p>\n","protected":false},"excerpt":{"rendered":"<p>Semjon ContemporaryGalerie f\u00fcr zeitgen\u00f6ssische Kunst Schr\u00f6derstr. 110115 Berlin Tel.: \u00a0+49-30-784 12 91 Fax: \u00a0+49-30-28 09 41 99 office(at)semjoncontemporary.com \u00d6ffnungszeitenDienstag \u2013 Samstag13.00 \u2013 19.00 Uhr Die Berliner Galerie Semjon Contemporary, gegr\u00fcndet von Semjon H. N. Semjon im Jahr 2011, repr\u00e4sentiert deutsche und internationale K\u00fcnstler und K\u00fcnstlerinnen, die in verschiedenen Medien wie Malerei, Skulptur, Installation, Zeichnung, Fotografie, [&hellip;]<\/p>\n","protected":false},"author":1,"featured_media":0,"parent":0,"menu_order":7,"comment_status":"closed","ping_status":"closed","template":"","meta":{"_acf_changed":false,"_et_pb_use_builder":"on","_et_pb_old_content":"","_et_gb_content_width":"","footnotes":""},"class_list":["post-1521","page","type-page","status-publish","hentry"],"acf":[],"yoast_head":"<!-- This site is optimized with the Yoast SEO plugin v27.4 - https:\/\/yoast.com\/product\/yoast-seo-wordpress\/ -->\n<title>About - Semjon Contemporary<\/title>\n<meta name=\"robots\" content=\"index, follow, max-snippet:-1, max-image-preview:large, max-video-preview:-1\" \/>\n<link rel=\"canonical\" href=\"https:\/\/www.semjoncontemporary.com\/2022\/about\/\" \/>\n<meta property=\"og:locale\" content=\"de_DE\" \/>\n<meta property=\"og:type\" content=\"article\" \/>\n<meta property=\"og:title\" content=\"About - Semjon Contemporary\" \/>\n<meta property=\"og:description\" content=\"Semjon ContemporaryGalerie f\u00fcr zeitgen\u00f6ssische Kunst Schr\u00f6derstr. 110115 Berlin Tel.: \u00a0+49-30-784 12 91 Fax: \u00a0+49-30-28 09 41 99 office(at)semjoncontemporary.com \u00d6ffnungszeitenDienstag \u2013 Samstag13.00 \u2013 19.00 Uhr Die Berliner Galerie Semjon Contemporary, gegr\u00fcndet von Semjon H. N. Semjon im Jahr 2011, repr\u00e4sentiert deutsche und internationale K\u00fcnstler und K\u00fcnstlerinnen, die in verschiedenen Medien wie Malerei, Skulptur, Installation, Zeichnung, Fotografie, [&hellip;]\" \/>\n<meta property=\"og:url\" content=\"https:\/\/www.semjoncontemporary.com\/2022\/about\/\" \/>\n<meta property=\"og:site_name\" content=\"Semjon Contemporary\" \/>\n<meta property=\"article:publisher\" content=\"https:\/\/www.facebook.com\/semjon\/\" \/>\n<meta property=\"article:modified_time\" content=\"2024-01-30T20:29:03+00:00\" \/>\n<meta property=\"og:image\" content=\"https:\/\/www.semjoncontemporary.com\/2022\/wp-content\/uploads\/2022\/05\/SKFNSK-scaled.jpg\" \/>\n<meta name=\"twitter:card\" content=\"summary_large_image\" \/>\n<meta name=\"twitter:label1\" content=\"Gesch\u00e4tzte Lesezeit\" \/>\n\t<meta name=\"twitter:data1\" content=\"3\u00a0Minuten\" \/>\n<script type=\"application\/ld+json\" class=\"yoast-schema-graph\">{\"@context\":\"https:\\\/\\\/schema.org\",\"@graph\":[{\"@type\":\"WebPage\",\"@id\":\"https:\\\/\\\/www.semjoncontemporary.com\\\/2022\\\/en\\\/about\\\/\",\"url\":\"https:\\\/\\\/www.semjoncontemporary.com\\\/2022\\\/en\\\/about\\\/\",\"name\":\"About - Semjon Contemporary\",\"isPartOf\":{\"@id\":\"https:\\\/\\\/www.semjoncontemporary.com\\\/2022\\\/#website\"},\"primaryImageOfPage\":{\"@id\":\"https:\\\/\\\/www.semjoncontemporary.com\\\/2022\\\/en\\\/about\\\/#primaryimage\"},\"image\":{\"@id\":\"https:\\\/\\\/www.semjoncontemporary.com\\\/2022\\\/en\\\/about\\\/#primaryimage\"},\"thumbnailUrl\":\"https:\\\/\\\/www.semjoncontemporary.com\\\/2022\\\/wp-content\\\/uploads\\\/2022\\\/05\\\/SKFNSK-scaled.jpg\",\"datePublished\":\"2021-12-23T08:36:36+00:00\",\"dateModified\":\"2024-01-30T20:29:03+00:00\",\"breadcrumb\":{\"@id\":\"https:\\\/\\\/www.semjoncontemporary.com\\\/2022\\\/en\\\/about\\\/#breadcrumb\"},\"inLanguage\":\"de\",\"potentialAction\":[{\"@type\":\"ReadAction\",\"target\":[\"https:\\\/\\\/www.semjoncontemporary.com\\\/2022\\\/en\\\/about\\\/\"]}]},{\"@type\":\"ImageObject\",\"inLanguage\":\"de\",\"@id\":\"https:\\\/\\\/www.semjoncontemporary.com\\\/2022\\\/en\\\/about\\\/#primaryimage\",\"url\":\"https:\\\/\\\/www.semjoncontemporary.com\\\/2022\\\/wp-content\\\/uploads\\\/2022\\\/05\\\/SKFNSK-scaled.jpg\",\"contentUrl\":\"https:\\\/\\\/www.semjoncontemporary.com\\\/2022\\\/wp-content\\\/uploads\\\/2022\\\/05\\\/SKFNSK-scaled.jpg\",\"width\":2560,\"height\":670},{\"@type\":\"BreadcrumbList\",\"@id\":\"https:\\\/\\\/www.semjoncontemporary.com\\\/2022\\\/en\\\/about\\\/#breadcrumb\",\"itemListElement\":[{\"@type\":\"ListItem\",\"position\":1,\"name\":\"Startseite\",\"item\":\"https:\\\/\\\/www.semjoncontemporary.com\\\/2022\\\/\"},{\"@type\":\"ListItem\",\"position\":2,\"name\":\"About\"}]},{\"@type\":\"WebSite\",\"@id\":\"https:\\\/\\\/www.semjoncontemporary.com\\\/2022\\\/#website\",\"url\":\"https:\\\/\\\/www.semjoncontemporary.com\\\/2022\\\/\",\"name\":\"Semjon Contemporary\",\"description\":\"Galerie f\u00fcr zeitgen\u00f6ssische Kunst\",\"publisher\":{\"@id\":\"https:\\\/\\\/www.semjoncontemporary.com\\\/2022\\\/#organization\"},\"potentialAction\":[{\"@type\":\"SearchAction\",\"target\":{\"@type\":\"EntryPoint\",\"urlTemplate\":\"https:\\\/\\\/www.semjoncontemporary.com\\\/2022\\\/?s={search_term_string}\"},\"query-input\":{\"@type\":\"PropertyValueSpecification\",\"valueRequired\":true,\"valueName\":\"search_term_string\"}}],\"inLanguage\":\"de\"},{\"@type\":\"Organization\",\"@id\":\"https:\\\/\\\/www.semjoncontemporary.com\\\/2022\\\/#organization\",\"name\":\"Semjon Contemporary\",\"url\":\"https:\\\/\\\/www.semjoncontemporary.com\\\/2022\\\/\",\"logo\":{\"@type\":\"ImageObject\",\"inLanguage\":\"de\",\"@id\":\"https:\\\/\\\/www.semjoncontemporary.com\\\/2022\\\/#\\\/schema\\\/logo\\\/image\\\/\",\"url\":\"https:\\\/\\\/www.semjoncontemporary.com\\\/2022\\\/wp-content\\\/uploads\\\/2021\\\/11\\\/SC-logo.png\",\"contentUrl\":\"https:\\\/\\\/www.semjoncontemporary.com\\\/2022\\\/wp-content\\\/uploads\\\/2021\\\/11\\\/SC-logo.png\",\"width\":2221,\"height\":512,\"caption\":\"Semjon Contemporary\"},\"image\":{\"@id\":\"https:\\\/\\\/www.semjoncontemporary.com\\\/2022\\\/#\\\/schema\\\/logo\\\/image\\\/\"},\"sameAs\":[\"https:\\\/\\\/www.facebook.com\\\/semjon\\\/\",\"https:\\\/\\\/www.instagram.com\\\/semjoncontemporary\"]}]}<\/script>\n<!-- \/ Yoast SEO plugin. -->","yoast_head_json":{"title":"About - Semjon Contemporary","robots":{"index":"index","follow":"follow","max-snippet":"max-snippet:-1","max-image-preview":"max-image-preview:large","max-video-preview":"max-video-preview:-1"},"canonical":"https:\/\/www.semjoncontemporary.com\/2022\/about\/","og_locale":"de_DE","og_type":"article","og_title":"About - Semjon Contemporary","og_description":"Semjon ContemporaryGalerie f\u00fcr zeitgen\u00f6ssische Kunst Schr\u00f6derstr. 110115 Berlin Tel.: \u00a0+49-30-784 12 91 Fax: \u00a0+49-30-28 09 41 99 office(at)semjoncontemporary.com \u00d6ffnungszeitenDienstag \u2013 Samstag13.00 \u2013 19.00 Uhr Die Berliner Galerie Semjon Contemporary, gegr\u00fcndet von Semjon H. N. Semjon im Jahr 2011, repr\u00e4sentiert deutsche und internationale K\u00fcnstler und K\u00fcnstlerinnen, die in verschiedenen Medien wie Malerei, Skulptur, Installation, Zeichnung, Fotografie, [&hellip;]","og_url":"https:\/\/www.semjoncontemporary.com\/2022\/about\/","og_site_name":"Semjon Contemporary","article_publisher":"https:\/\/www.facebook.com\/semjon\/","article_modified_time":"2024-01-30T20:29:03+00:00","og_image":[{"url":"https:\/\/www.semjoncontemporary.com\/2022\/wp-content\/uploads\/2022\/05\/SKFNSK-scaled.jpg","type":"","width":"","height":""}],"twitter_card":"summary_large_image","twitter_misc":{"Gesch\u00e4tzte Lesezeit":"3\u00a0Minuten"},"schema":{"@context":"https:\/\/schema.org","@graph":[{"@type":"WebPage","@id":"https:\/\/www.semjoncontemporary.com\/2022\/en\/about\/","url":"https:\/\/www.semjoncontemporary.com\/2022\/en\/about\/","name":"About - Semjon Contemporary","isPartOf":{"@id":"https:\/\/www.semjoncontemporary.com\/2022\/#website"},"primaryImageOfPage":{"@id":"https:\/\/www.semjoncontemporary.com\/2022\/en\/about\/#primaryimage"},"image":{"@id":"https:\/\/www.semjoncontemporary.com\/2022\/en\/about\/#primaryimage"},"thumbnailUrl":"https:\/\/www.semjoncontemporary.com\/2022\/wp-content\/uploads\/2022\/05\/SKFNSK-scaled.jpg","datePublished":"2021-12-23T08:36:36+00:00","dateModified":"2024-01-30T20:29:03+00:00","breadcrumb":{"@id":"https:\/\/www.semjoncontemporary.com\/2022\/en\/about\/#breadcrumb"},"inLanguage":"de","potentialAction":[{"@type":"ReadAction","target":["https:\/\/www.semjoncontemporary.com\/2022\/en\/about\/"]}]},{"@type":"ImageObject","inLanguage":"de","@id":"https:\/\/www.semjoncontemporary.com\/2022\/en\/about\/#primaryimage","url":"https:\/\/www.semjoncontemporary.com\/2022\/wp-content\/uploads\/2022\/05\/SKFNSK-scaled.jpg","contentUrl":"https:\/\/www.semjoncontemporary.com\/2022\/wp-content\/uploads\/2022\/05\/SKFNSK-scaled.jpg","width":2560,"height":670},{"@type":"BreadcrumbList","@id":"https:\/\/www.semjoncontemporary.com\/2022\/en\/about\/#breadcrumb","itemListElement":[{"@type":"ListItem","position":1,"name":"Startseite","item":"https:\/\/www.semjoncontemporary.com\/2022\/"},{"@type":"ListItem","position":2,"name":"About"}]},{"@type":"WebSite","@id":"https:\/\/www.semjoncontemporary.com\/2022\/#website","url":"https:\/\/www.semjoncontemporary.com\/2022\/","name":"Semjon Contemporary","description":"Galerie f\u00fcr zeitgen\u00f6ssische Kunst","publisher":{"@id":"https:\/\/www.semjoncontemporary.com\/2022\/#organization"},"potentialAction":[{"@type":"SearchAction","target":{"@type":"EntryPoint","urlTemplate":"https:\/\/www.semjoncontemporary.com\/2022\/?s={search_term_string}"},"query-input":{"@type":"PropertyValueSpecification","valueRequired":true,"valueName":"search_term_string"}}],"inLanguage":"de"},{"@type":"Organization","@id":"https:\/\/www.semjoncontemporary.com\/2022\/#organization","name":"Semjon Contemporary","url":"https:\/\/www.semjoncontemporary.com\/2022\/","logo":{"@type":"ImageObject","inLanguage":"de","@id":"https:\/\/www.semjoncontemporary.com\/2022\/#\/schema\/logo\/image\/","url":"https:\/\/www.semjoncontemporary.com\/2022\/wp-content\/uploads\/2021\/11\/SC-logo.png","contentUrl":"https:\/\/www.semjoncontemporary.com\/2022\/wp-content\/uploads\/2021\/11\/SC-logo.png","width":2221,"height":512,"caption":"Semjon Contemporary"},"image":{"@id":"https:\/\/www.semjoncontemporary.com\/2022\/#\/schema\/logo\/image\/"},"sameAs":["https:\/\/www.facebook.com\/semjon\/","https:\/\/www.instagram.com\/semjoncontemporary"]}]}},"_links":{"self":[{"href":"https:\/\/www.semjoncontemporary.com\/2022\/wp-json\/wp\/v2\/pages\/1521","targetHints":{"allow":["GET"]}}],"collection":[{"href":"https:\/\/www.semjoncontemporary.com\/2022\/wp-json\/wp\/v2\/pages"}],"about":[{"href":"https:\/\/www.semjoncontemporary.com\/2022\/wp-json\/wp\/v2\/types\/page"}],"author":[{"embeddable":true,"href":"https:\/\/www.semjoncontemporary.com\/2022\/wp-json\/wp\/v2\/users\/1"}],"replies":[{"embeddable":true,"href":"https:\/\/www.semjoncontemporary.com\/2022\/wp-json\/wp\/v2\/comments?post=1521"}],"version-history":[{"count":20,"href":"https:\/\/www.semjoncontemporary.com\/2022\/wp-json\/wp\/v2\/pages\/1521\/revisions"}],"predecessor-version":[{"id":5830,"href":"https:\/\/www.semjoncontemporary.com\/2022\/wp-json\/wp\/v2\/pages\/1521\/revisions\/5830"}],"wp:attachment":[{"href":"https:\/\/www.semjoncontemporary.com\/2022\/wp-json\/wp\/v2\/media?parent=1521"}],"curies":[{"name":"wp","href":"https:\/\/api.w.org\/{rel}","templated":true}]}}